{"id":9,"date":"2024-05-10T11:40:55","date_gmt":"2024-05-10T09:40:55","guid":{"rendered":"http:\/\/www.prix-colette-kreder.fr\/?page_id=9"},"modified":"2025-08-07T14:48:45","modified_gmt":"2025-08-07T12:48:45","slug":"accueil","status":"publish","type":"page","link":"https:\/\/www.prix-colette-kreder.fr\/","title":{"rendered":"Le prix : description"},"content":{"rendered":"<p>[et_pb_section fb_built=\u00a0\u00bb1&Prime; _builder_version=\u00a0\u00bb4.27.4&Prime; _module_preset=\u00a0\u00bbdefault\u00a0\u00bb global_colors_info=\u00a0\u00bb{}\u00a0\u00bb][et_pb_row _builder_version=\u00a0\u00bb4.27.4&Prime; _module_preset=\u00a0\u00bbdefault\u00a0\u00bb][et_pb_column _builder_version=\u00a0\u00bb4.27.4&Prime; _module_preset=\u00a0\u00bbdefault\u00a0\u00bb type=\u00a0\u00bb4_4&Prime;][et_pb_text _builder_version=\u00a0\u00bb4.27.4&Prime; _module_preset=\u00a0\u00bbdefault\u00a0\u00bb background_color=\u00a0\u00bb#000000&Prime; hover_enabled=\u00a0\u00bb0&Prime; sticky_enabled=\u00a0\u00bb0&Prime;]<\/p>\n<h1 style=\"text-align: center;\"><span style=\"color: #ffffff;\">PRIX COLETTE KREDER<\/span><\/h1>\n<p>[\/et_pb_text][\/et_pb_column][\/et_pb_row][et_pb_row _builder_version=\u00a0\u00bb4.27.4&Prime; _module_preset=\u00a0\u00bbdefault\u00a0\u00bb global_colors_info=\u00a0\u00bb{}\u00a0\u00bb][et_pb_column type=\u00a0\u00bb4_4&Prime; _builder_version=\u00a0\u00bb4.27.4&Prime; _module_preset=\u00a0\u00bbdefault\u00a0\u00bb global_colors_info=\u00a0\u00bb{}\u00a0\u00bb][et_pb_text _builder_version=\u00a0\u00bb4.27.4&Prime; _module_preset=\u00a0\u00bbdefault\u00a0\u00bb global_colors_info=\u00a0\u00bb{}\u00a0\u00bb]<\/p>\n<h2>\ud83c\udf93\u00a0<strong>\u201cFemmes ing\u00e9nieures, construisons un monde durable plus \u00e9galitaire\u201d<\/strong><\/h2>\n<hr \/>\n<h3>\ud83d\udca1 Un prix engag\u00e9 pour l\u2019avenir<\/h3>\n<p>Cr\u00e9\u00e9 \u00e0 l\u2019initiative de l\u2019<strong>EPF \u2013 \u00c9cole d\u2019ing\u00e9nieur-e-s<\/strong>, en partenariat avec sa fondation et l\u2019association des Alumni, le <strong>Prix Colette KREDER<\/strong> vise \u00e0 encourager les femmes francophones \u00e0 s\u2019engager dans des carri\u00e8res scientifiques et techniques, pour relever les d\u00e9fis majeurs de notre si\u00e8cle.<\/p>\n<hr \/>\n<h3>\ud83d\udc69\u200d\ud83d\udd2c Qui \u00e9tait Colette Kreder ?<\/h3>\n<p>Ing\u00e9nieure pionni\u00e8re, directrice de l\u2019EPF de 1980 \u00e0 1994, cofondatrice des associations <strong>Femmes et Sciences<\/strong> et <strong>Demain la Parit\u00e9<\/strong>, <strong>Colette Kreder<\/strong> a \u0153uvr\u00e9 toute sa vie pour promouvoir la place des femmes dans la science, la technologie et l\u2019innovation.<\/p>\n<hr \/>\n<h3>\ud83c\udfaf Objectifs du prix<\/h3>\n<ul>\n<li>\n<p>Soutenir des <strong>jeunes femmes francophones<\/strong> engag\u00e9es dans des \u00e9tudes scientifiques ou techniques<\/p>\n<\/li>\n<li>\n<p>Promouvoir la <strong>diversit\u00e9, l\u2019\u00e9galit\u00e9 femmes-hommes<\/strong> et les <strong>valeurs de la Francophonie<\/strong><\/p>\n<\/li>\n<li>\n<p>Valoriser des <strong>parcours inspirants<\/strong> pour susciter des vocations<\/p>\n<\/li>\n<\/ul>\n<hr \/>\n<h3>\ud83c\udfc6 \u00c0 qui s\u2019adresse le prix ?<\/h3>\n<p>\u00c0 des <strong>femmes francophones<\/strong>, \u00e9tudiantes ou en cours d\u2019orientation, qui :<\/p>\n<ul>\n<li>\n<p>T\u00e9moignent d\u2019un <strong>parcours m\u00e9ritant<\/strong><\/p>\n<\/li>\n<li>\n<p>Portent un <strong>projet \u00e0 impact soci\u00e9tal ou environnemental<\/strong><\/p>\n<\/li>\n<li>\n<p>S\u2019inscrivent dans une <strong>d\u00e9marche d\u2019innovation \u00e9thique<\/strong><\/p>\n<\/li>\n<\/ul>\n<hr \/>\n<h3>\ud83d\udd0e Comment candidater ?<\/h3>\n<ul>\n<li>\n<p>Dossier de candidature avec parcours, motivation et projet<\/p>\n<\/li>\n<li>\n<p>Entretien devant un <strong>jury paritaire<\/strong><\/p>\n<\/li>\n<li>\n<p>S\u00e9lection sur des crit\u00e8res d\u2019<strong>engagement, d\u2019innovation et de leadership<\/strong><\/p>\n<\/li>\n<\/ul>\n<hr \/>\n<h3>\ud83e\udd1d Un projet collectif<\/h3>\n<p>Le prix est financ\u00e9 par des <strong>donateurs priv\u00e9s et partenaires publics<\/strong>, et soutenu par la <strong>fondation EPF<\/strong>. Il s\u2019inscrit dans la pr\u00e9paration du <strong>centenaire de l\u2019EPF en 2025<\/strong>.<\/p>\n<p>[\/et_pb_text][\/et_pb_column][\/et_pb_row][\/et_pb_section]<\/p>\n","protected":false},"excerpt":{"rendered":"<p>PRIX COLETTE KREDER\ud83c\udf93\u00a0\u201cFemmes ing\u00e9nieures, construisons un monde durable plus \u00e9galitaire\u201d \ud83d\udca1 Un prix engag\u00e9 pour l\u2019avenir Cr\u00e9\u00e9 \u00e0 l\u2019initiative de l\u2019EPF \u2013 \u00c9cole d\u2019ing\u00e9nieur-e-s, en partenariat avec sa fondation et l\u2019association des Alumni, le Prix Colette KREDER vise \u00e0 encourager les femmes francophones \u00e0 s\u2019engager dans des carri\u00e8res scientifiques et techniques, pour relever les d\u00e9fis [&hellip;]<\/p>\n","protected":false},"author":1,"featured_media":0,"parent":0,"menu_order":0,"comment_status":"closed","ping_status":"closed","template":"","meta":{"_et_pb_use_builder":"on","_et_pb_old_content":"","_et_gb_content_width":"","footnotes":""},"class_list":["post-9","page","type-page","status-publish","hentry"],"_links":{"self":[{"href":"https:\/\/www.prix-colette-kreder.fr\/index.php?rest_route=\/wp\/v2\/pages\/9","targetHints":{"allow":["GET"]}}],"collection":[{"href":"https:\/\/www.prix-colette-kreder.fr\/index.php?rest_route=\/wp\/v2\/pages"}],"about":[{"href":"https:\/\/www.prix-colette-kreder.fr\/index.php?rest_route=\/wp\/v2\/types\/page"}],"author":[{"embeddable":true,"href":"https:\/\/www.prix-colette-kreder.fr\/index.php?rest_route=\/wp\/v2\/users\/1"}],"replies":[{"embeddable":true,"href":"https:\/\/www.prix-colette-kreder.fr\/index.php?rest_route=%2Fwp%2Fv2%2Fcomments&post=9"}],"version-history":[{"count":29,"href":"https:\/\/www.prix-colette-kreder.fr\/index.php?rest_route=\/wp\/v2\/pages\/9\/revisions"}],"predecessor-version":[{"id":224,"href":"https:\/\/www.prix-colette-kreder.fr\/index.php?rest_route=\/wp\/v2\/pages\/9\/revisions\/224"}],"wp:attachment":[{"href":"https:\/\/www.prix-colette-kreder.fr\/index.php?rest_route=%2Fwp%2Fv2%2Fmedia&parent=9"}],"curies":[{"name":"wp","href":"https:\/\/api.w.org\/{rel}","templated":true}]}}