{"id":17,"date":"2024-05-10T11:52:50","date_gmt":"2024-05-10T09:52:50","guid":{"rendered":"http:\/\/www.prix-colette-kreder.fr\/?page_id=17"},"modified":"2024-08-23T12:09:14","modified_gmt":"2024-08-23T10:09:14","slug":"conditions-de-presentation-dun-dossier-de-candidature","status":"publish","type":"page","link":"https:\/\/www.prix-colette-kreder.fr\/?page_id=17","title":{"rendered":"Conditions de pr\u00e9sentation d\u2019un dossier de candidature"},"content":{"rendered":"\n[et_pb_section fb_built=\u00a0\u00bb1&Prime; _builder_version=\u00a0\u00bb4.25.1&Prime; _module_preset=\u00a0\u00bbdefault\u00a0\u00bb global_colors_info=\u00a0\u00bb{}\u00a0\u00bb][et_pb_row _builder_version=\u00a0\u00bb4.25.1&Prime; _module_preset=\u00a0\u00bbdefault\u00a0\u00bb global_colors_info=\u00a0\u00bb{}\u00a0\u00bb][et_pb_column type=\u00a0\u00bb4_4&Prime; _builder_version=\u00a0\u00bb4.25.1&Prime; _module_preset=\u00a0\u00bbdefault\u00a0\u00bb global_colors_info=\u00a0\u00bb{}\u00a0\u00bb][et_pb_text _builder_version=\u00a0\u00bb4.25.1&Prime; _module_preset=\u00a0\u00bbdefault\u00a0\u00bb global_colors_info=\u00a0\u00bb{}\u00a0\u00bb]<h1 style=\"text-align: center;\"><b>Conditions de pr\u00e9sentation d\u2019un dossier de candidature<\/b><\/h1>[\/et_pb_text][\/et_pb_column][\/et_pb_row][\/et_pb_section][et_pb_section fb_built=\u00a0\u00bb1&Prime; theme_builder_area=\u00a0\u00bbpost_content\u00a0\u00bb _builder_version=\u00a0\u00bb4.25.1&Prime; _module_preset=\u00a0\u00bbdefault\u00a0\u00bb][et_pb_row _builder_version=\u00a0\u00bb4.25.1&Prime; _module_preset=\u00a0\u00bbdefault\u00a0\u00bb theme_builder_area=\u00a0\u00bbpost_content\u00a0\u00bb][et_pb_column _builder_version=\u00a0\u00bb4.25.1&Prime; _module_preset=\u00a0\u00bbdefault\u00a0\u00bb type=\u00a0\u00bb4_4&Prime; theme_builder_area=\u00a0\u00bbpost_content\u00a0\u00bb][et_pb_text _builder_version=\u00a0\u00bb4.25.1&Prime; _module_preset=\u00a0\u00bbdefault\u00a0\u00bb theme_builder_area=\u00a0\u00bbpost_content\u00a0\u00bb hover_enabled=\u00a0\u00bb0&Prime; sticky_enabled=\u00a0\u00bb0&Prime;]<ul>\n<li>un parcours scolaire m\u00e9ritant qui r\u00e9v\u00e8le des aptitudes techniques<\/li>\n<li>l\u2019ambition de ma\u00eetriser des techniques dans le but de poursuivre un projet personnel humaniste<\/li>\n<li>la motivation d\u2019utiliser les progr\u00e8s techniques pour faire progresser l\u2019humanit\u00e9 (en particulier lors de l\u2019utilisation de l\u2019IA et dans ses orientations)<\/li>\n<li>de premi\u00e8res r\u00e9alisations collectives engag\u00e9es pour la plan\u00e8te et la responsabilit\u00e9 soci\u00e9tale, dont en particulier l\u2019\u00e9galit\u00e9 femme-homme (exemple : cr\u00e9ation ou participation active \u00e0 une association au service de valeurs humanistes)<\/li>\n<li>des initiatives de financement d\u2019un projet qui n\u00e9cessitent un compl\u00e9ment<\/li>\n<li>admissible dans la formation d\u2019ing\u00e9nieur de leur choix<\/li>\n<li>une aisance en fran\u00e7ais \u00e0 l\u2019\u00e9crit (crit\u00e8res \u00e0 d\u00e9finir)<\/li>\n<li>un argumentaire \u00e9tay\u00e9 sur les liens entre des r\u00e9alisations, le projet personnel et les valeurs exprim\u00e9es pour ce prix<\/li>\n<\/ul>[\/et_pb_text][\/et_pb_column][\/et_pb_row][\/et_pb_section]\n","protected":false},"excerpt":{"rendered":"<p>Conditions de pr\u00e9sentation d\u2019un dossier de candidature un parcours scolaire m\u00e9ritant qui r\u00e9v\u00e8le des aptitudes techniques l\u2019ambition de ma\u00eetriser des techniques dans le but de poursuivre un projet personnel humaniste la motivation d\u2019utiliser les progr\u00e8s techniques pour faire progresser l\u2019humanit\u00e9 (en particulier lors de l\u2019utilisation de l\u2019IA et dans ses orientations) de premi\u00e8res r\u00e9alisations collectives [&hellip;]<\/p>\n","protected":false},"author":1,"featured_media":0,"parent":0,"menu_order":0,"comment_status":"closed","ping_status":"closed","template":"","meta":{"_et_pb_use_builder":"on","_et_pb_old_content":"","_et_gb_content_width":"","footnotes":""},"class_list":["post-17","page","type-page","status-publish","hentry"],"_links":{"self":[{"href":"https:\/\/www.prix-colette-kreder.fr\/index.php?rest_route=\/wp\/v2\/pages\/17","targetHints":{"allow":["GET"]}}],"collection":[{"href":"https:\/\/www.prix-colette-kreder.fr\/index.php?rest_route=\/wp\/v2\/pages"}],"about":[{"href":"https:\/\/www.prix-colette-kreder.fr\/index.php?rest_route=\/wp\/v2\/types\/page"}],"author":[{"embeddable":true,"href":"https:\/\/www.prix-colette-kreder.fr\/index.php?rest_route=\/wp\/v2\/users\/1"}],"replies":[{"embeddable":true,"href":"https:\/\/www.prix-colette-kreder.fr\/index.php?rest_route=%2Fwp%2Fv2%2Fcomments&post=17"}],"version-history":[{"count":5,"href":"https:\/\/www.prix-colette-kreder.fr\/index.php?rest_route=\/wp\/v2\/pages\/17\/revisions"}],"predecessor-version":[{"id":32,"href":"https:\/\/www.prix-colette-kreder.fr\/index.php?rest_route=\/wp\/v2\/pages\/17\/revisions\/32"}],"wp:attachment":[{"href":"https:\/\/www.prix-colette-kreder.fr\/index.php?rest_route=%2Fwp%2Fv2%2Fmedia&parent=17"}],"curies":[{"name":"wp","href":"https:\/\/api.w.org\/{rel}","templated":true}]}}