{"id":161,"date":"2024-09-24T16:45:09","date_gmt":"2024-09-24T14:45:09","guid":{"rendered":"https:\/\/www.prix-colette-kreder.fr\/?page_id=161"},"modified":"2024-12-05T09:31:39","modified_gmt":"2024-12-05T08:31:39","slug":"pourquoi-colette-kreder-et-la-fondation-epf","status":"publish","type":"page","link":"https:\/\/www.prix-colette-kreder.fr\/?page_id=161","title":{"rendered":"Pourquoi Colette Kreder et la fondation EPF"},"content":{"rendered":"<p>[et_pb_section fb_built=\u00a0\u00bb1&Prime; _builder_version=\u00a0\u00bb4.27.0&Prime; _module_preset=\u00a0\u00bbdefault\u00a0\u00bb global_colors_info=\u00a0\u00bb{}\u00a0\u00bb][et_pb_row column_structure=\u00a0\u00bb1_2,1_2&Prime; _builder_version=\u00a0\u00bb4.27.0&Prime; _module_preset=\u00a0\u00bbdefault\u00a0\u00bb global_colors_info=\u00a0\u00bb{}\u00a0\u00bb][et_pb_column type=\u00a0\u00bb1_2&Prime; _builder_version=\u00a0\u00bb4.27.0&Prime; _module_preset=\u00a0\u00bbdefault\u00a0\u00bb global_colors_info=\u00a0\u00bb{}\u00a0\u00bb][et_pb_image src=\u00a0\u00bbhttps:\/\/www.prix-colette-kreder.fr\/wp-content\/uploads\/2024\/05\/portrait-2.png\u00a0\u00bb title_text=\u00a0\u00bbportrait 2&Prime; _builder_version=\u00a0\u00bb4.27.0&Prime; _module_preset=\u00a0\u00bbdefault\u00a0\u00bb global_colors_info=\u00a0\u00bb{}\u00a0\u00bb][\/et_pb_image][\/et_pb_column][et_pb_column type=\u00a0\u00bb1_2&Prime; _builder_version=\u00a0\u00bb4.27.0&Prime; _module_preset=\u00a0\u00bbdefault\u00a0\u00bb global_colors_info=\u00a0\u00bb{}\u00a0\u00bb][et_pb_image src=\u00a0\u00bbhttps:\/\/www.prix-colette-kreder.fr\/wp-content\/uploads\/2024\/08\/article-le-monde.png\u00a0\u00bb title_text=\u00a0\u00bbarticle le monde\u00a0\u00bb _builder_version=\u00a0\u00bb4.27.4&Prime; _module_preset=\u00a0\u00bbdefault\u00a0\u00bb hover_enabled=\u00a0\u00bb0&Prime; global_colors_info=\u00a0\u00bb{}\u00a0\u00bb sticky_enabled=\u00a0\u00bb0&Prime;][\/et_pb_image][\/et_pb_column][\/et_pb_row][et_pb_row _builder_version=\u00a0\u00bb4.27.0&Prime; _module_preset=\u00a0\u00bbdefault\u00a0\u00bb global_colors_info=\u00a0\u00bb{}\u00a0\u00bb][et_pb_column type=\u00a0\u00bb4_4&Prime; _builder_version=\u00a0\u00bb4.27.0&Prime; _module_preset=\u00a0\u00bbdefault\u00a0\u00bb global_colors_info=\u00a0\u00bb{}\u00a0\u00bb][et_pb_text _builder_version=\u00a0\u00bb4.27.0&Prime; _module_preset=\u00a0\u00bbdefault\u00a0\u00bb background_color=\u00a0\u00bb#000000&Prime; global_colors_info=\u00a0\u00bb{}\u00a0\u00bb]<\/p>\n<div id=\"pourquoi\" class=\"et_pb_module et_pb_text et_pb_text_8  et_pb_text_align_left et_pb_bg_layout_light\">\n<div class=\"et_pb_text_inner\">\n<h1 style=\"text-align: center;\"><span style=\"color: #ffffff;\"><b>Pourquoi Colette KREDER et la fondation EPF ?<\/b><strong>\u00a0<\/strong><\/span><\/h1>\n<\/div>\n<\/div>\n<div class=\"et_pb_module et_pb_text et_pb_text_9  et_pb_text_align_left et_pb_bg_layout_light\">\n<div class=\"et_pb_text_inner\"><\/div>\n<\/div>\n<p>[\/et_pb_text][\/et_pb_column][\/et_pb_row][et_pb_row _builder_version=\u00a0\u00bb4.27.4&Prime; _module_preset=\u00a0\u00bbdefault\u00a0\u00bb column_structure=\u00a0\u00bb1_2,1_2&Prime;][et_pb_column _builder_version=\u00a0\u00bb4.27.4&Prime; _module_preset=\u00a0\u00bbdefault\u00a0\u00bb type=\u00a0\u00bb1_2&Prime;][et_pb_text _builder_version=\u00a0\u00bb4.27.4&Prime; _module_preset=\u00a0\u00bbdefault\u00a0\u00bb background_color=\u00a0\u00bbrgba(255,243,71,0.15)\u00a0\u00bb hover_enabled=\u00a0\u00bb0&Prime; box_shadow_style=\u00a0\u00bbpreset1&Prime; global_colors_info=\u00a0\u00bb{}\u00a0\u00bb sticky_enabled=\u00a0\u00bb0&Prime;]<\/p>\n<h4><strong><u>Engagement personnel de Colette KREDER<\/u><\/strong><\/h4>\n<p>-Colette KREDER a, d\u00e8s son plus jeune \u00e2ge et de sa propre initiative, tout fait pour sortir de son milieu rural modeste, en poursuivant ses \u00e9tudes au plus haut niveau et en acc\u00e9dant au m\u00e9tier d\u2019ing\u00e9nieure. Elle a ensuite pass\u00e9 sa vie \u00e0 aider des femmes volontaires \u00e0 avancer dans leur carri\u00e8re.<\/p>\n<p>-co-fondatrice du r\u00e9seau<span>\u00a0<\/span><b>Demain la parit\u00e9<\/b><\/p>\n<p>-co-fondatrice de l\u2019association<span>\u00a0<\/span><b>Femmes et Sciences<\/b><\/p>\n<p><b><\/b><\/p>\n<p><b>Ci-contre, sa ville natale lui a rendu hommage en donnant son nom \u00e0 une all\u00e9e.<\/b><\/p>\n<p>[\/et_pb_text][\/et_pb_column][et_pb_column _builder_version=\u00a0\u00bb4.27.4&Prime; _module_preset=\u00a0\u00bbdefault\u00a0\u00bb type=\u00a0\u00bb1_2&Prime;][et_pb_text _builder_version=\u00a0\u00bb4.27.4&Prime; _module_preset=\u00a0\u00bbdefault\u00a0\u00bb hover_enabled=\u00a0\u00bb0&Prime; sticky_enabled=\u00a0\u00bb0&Prime;]<\/p>\n<p style=\"text-align: center;\"><img loading=\"lazy\" decoding=\"async\" src=\"https:\/\/www.prix-colette-kreder.fr\/wp-content\/uploads\/2024\/12\/allee-commer-232x300.jpg\" width=\"232\" height=\"300\" alt=\"\" class=\"wp-image-189 alignnone size-medium\" \/><\/p>\n<p>[\/et_pb_text][\/et_pb_column][\/et_pb_row][et_pb_row _builder_version=\u00a0\u00bb4.27.0&Prime; _module_preset=\u00a0\u00bbdefault\u00a0\u00bb global_colors_info=\u00a0\u00bb{}\u00a0\u00bb][et_pb_column type=\u00a0\u00bb4_4&Prime; _builder_version=\u00a0\u00bb4.27.0&Prime; _module_preset=\u00a0\u00bbdefault\u00a0\u00bb global_colors_info=\u00a0\u00bb{}\u00a0\u00bb][et_pb_text _builder_version=\u00a0\u00bb4.27.0&Prime; _module_preset=\u00a0\u00bbdefault\u00a0\u00bb background_color=\u00a0\u00bb#000000&Prime; global_colors_info=\u00a0\u00bb{}\u00a0\u00bb]<\/p>\n<div id=\"pourquoi\" class=\"et_pb_module et_pb_text et_pb_text_8  et_pb_text_align_left et_pb_bg_layout_light\">\n<div class=\"et_pb_text_inner\">\n<h1 style=\"text-align: center;\"><span style=\"color: #ffffff;\"><strong>R\u00f4le de l\u2019Ecole Polytechnique F\u00e9minine<\/strong><\/span><\/h1>\n<\/div>\n<\/div>\n<div class=\"et_pb_module et_pb_text et_pb_text_9  et_pb_text_align_left et_pb_bg_layout_light\">\n<div class=\"et_pb_text_inner\"><\/div>\n<\/div>\n<p>[\/et_pb_text][et_pb_text _builder_version=\u00a0\u00bb4.27.0&Prime; _module_preset=\u00a0\u00bbdefault\u00a0\u00bb background_color=\u00a0\u00bbrgba(255,243,71,0.15)\u00a0\u00bb box_shadow_style=\u00a0\u00bbpreset1&Prime; global_colors_info=\u00a0\u00bb{}\u00a0\u00bb]<\/p>\n<p>-1\u00e8re \u00e9cole d\u2019ing\u00e9nieure dans le monde r\u00e9serv\u00e9e aux femmes, cr\u00e9e en 1925 \u00e0 Paris par Marie Louise PARIS<\/p>\n<p>-Reconnue comme mod\u00e8le soci\u00e9tal pr\u00e9curseur au d\u00e9but du 20\u00e8me si\u00e8cle<\/p>\n<p>-Ouverture en 2022 en Afrique \u00e0 Dakar d\u2019une antenne EPF qui encourage la mixit\u00e9 dans le prolongement de la vision soci\u00e9tale de Marie Louise PARIS et de Colette KREDER<\/p>\n<p>-Cr\u00e9ation le 24 mai 2024 de l&rsquo;incubact&rsquo;HER dont la mission sera de promouvoir l&rsquo;entrepreneuriat f\u00e9minin et d&rsquo;accompagner les femmes dans leur parcours de cr\u00e9ation.<\/p>\n<h3 style=\"text-align: center;\">Plan strat\u00e9gique de l&rsquo;EPF 2024-2028 :<br \/>\u00ab\u00a0Former 50% de femmes ing\u00e9nieures dans tous les programmes\u00a0\u00bb<\/h3>\n<p>[\/et_pb_text][et_pb_text _builder_version=\u00a0\u00bb4.27.0&Prime; _module_preset=\u00a0\u00bbdefault\u00a0\u00bb background_color=\u00a0\u00bb#000000&Prime; global_colors_info=\u00a0\u00bb{}\u00a0\u00bb]<\/p>\n<div id=\"pourquoi\" class=\"et_pb_module et_pb_text et_pb_text_8  et_pb_text_align_left et_pb_bg_layout_light\">\n<div class=\"et_pb_text_inner\">\n<h1 style=\"text-align: center;\"><strong><span style=\"color: #ffffff;\">R\u00f4<\/span><span style=\"color: #ffffff;\">le de Colette KREDER \u00e0 l\u2019EPF et \u00e0 la fondation EPF<\/span><\/strong><\/h1>\n<\/div>\n<\/div>\n<p>[\/et_pb_text][et_pb_text _builder_version=\u00a0\u00bb4.27.0&Prime; _module_preset=\u00a0\u00bbdefault\u00a0\u00bb background_color=\u00a0\u00bbrgba(255,243,71,0.15)\u00a0\u00bb box_shadow_style=\u00a0\u00bbpreset1&Prime; global_colors_info=\u00a0\u00bb{}\u00a0\u00bb]<\/p>\n<p>-1980-1994 direction de l\u2019EPF<\/p>\n<p>-1990 cr\u00e9ation de la fondation EPF reconnue d\u2019utilit\u00e9 publique avec comme vocation la promotion des sciences et technologies aupr\u00e8s des femmes<\/p>\n<p>-199? rayonnement de la francophonie \u00e0 l\u2019international avec des formations biculturelles avant-gardistes<\/p>\n<h4>Vision<\/h4>\n<p>-Augmenter le nombre de femmes ing\u00e9nieures, capables de faire \u00e9voluer le domaine de la science et des techniques auxquelles elles se consacreront, en :<\/p>\n<p>-accompagnant leur parcours avec un ensemble de moyens : actions de marrainage, apports de ressources diverses, acc\u00e8s \u00e0 des r\u00e9seaux, etc\u2026<\/p>\n<p>-finan\u00e7ant partiellement leurs \u00e9tudes en \u00e9cole d\u2019ing\u00e9nieur ou universit\u00e9<\/p>\n<p>-Accro\u00eetre l\u2019attractivit\u00e9 du m\u00e9tier d\u2019ing\u00e9nieur en :<\/p>\n<p>-communiquant publiquement, notamment dans les zones rurales sous repr\u00e9sent\u00e9es (annexe 4)<\/p>\n<p>-valorisant des r\u00f4les mod\u00e8les de femmes ing\u00e9nieures inspirantes dans le pass\u00e9 (grands t\u00e9moins, marraines du jury,\u2026)<\/p>\n<p>-promouvant l\u2019apport des femmes aux domaines scientifique, technique, soci\u00e9tal, sanitaire et humanitaire dans le contexte des valeurs de la francophonie<\/p>\n<p>[\/et_pb_text][et_pb_text _builder_version=\u00a0\u00bb4.27.0&Prime; _module_preset=\u00a0\u00bbdefault\u00a0\u00bb background_color=\u00a0\u00bb#000000&Prime; global_colors_info=\u00a0\u00bb{}\u00a0\u00bb]<\/p>\n<div id=\"pourquoi\" class=\"et_pb_module et_pb_text et_pb_text_8  et_pb_text_align_left et_pb_bg_layout_light\">\n<div class=\"et_pb_text_inner\">\n<h1 style=\"text-align: center;\"><strong><span style=\"color: #ffffff;\">T\u00e9moignages d&rsquo;anciennes \u00e9l\u00e8ves de Colette KREDER<\/span><\/strong><\/h1>\n<\/div>\n<\/div>\n<p>[\/et_pb_text][et_pb_text _builder_version=\u00a0\u00bb4.27.0&Prime; _module_preset=\u00a0\u00bbdefault\u00a0\u00bb background_color=\u00a0\u00bbrgba(255,243,71,0.15)\u00a0\u00bb box_shadow_style=\u00a0\u00bbpreset1&Prime; global_colors_info=\u00a0\u00bb{}\u00a0\u00bb]<\/p>\n<p><img loading=\"lazy\" decoding=\"async\" src=\"https:\/\/www.prix-colette-kreder.fr\/wp-content\/uploads\/2024\/09\/temoignage-4.png\" width=\"605\" height=\"102\" alt=\"\" class=\"wp-image-172 aligncenter size-full\" srcset=\"https:\/\/www.prix-colette-kreder.fr\/wp-content\/uploads\/2024\/09\/temoignage-4.png 605w, https:\/\/www.prix-colette-kreder.fr\/wp-content\/uploads\/2024\/09\/temoignage-4-480x81.png 480w\" sizes=\"(min-width: 0px) and (max-width: 480px) 480px, (min-width: 481px) 605px, 100vw\" \/>\u00a0<\/p>\n<p><img loading=\"lazy\" decoding=\"async\" src=\"https:\/\/www.prix-colette-kreder.fr\/wp-content\/uploads\/2024\/09\/temoignage-3.png\" width=\"605\" height=\"193\" alt=\"\" class=\"wp-image-171 aligncenter size-full\" srcset=\"https:\/\/www.prix-colette-kreder.fr\/wp-content\/uploads\/2024\/09\/temoignage-3.png 605w, https:\/\/www.prix-colette-kreder.fr\/wp-content\/uploads\/2024\/09\/temoignage-3-480x153.png 480w\" sizes=\"(min-width: 0px) and (max-width: 480px) 480px, (min-width: 481px) 605px, 100vw\" \/><img loading=\"lazy\" decoding=\"async\" src=\"https:\/\/www.prix-colette-kreder.fr\/wp-content\/uploads\/2024\/09\/temoignage-1.png\" width=\"605\" height=\"191\" alt=\"\" class=\"wp-image-169 aligncenter size-full\" srcset=\"https:\/\/www.prix-colette-kreder.fr\/wp-content\/uploads\/2024\/09\/temoignage-1.png 605w, https:\/\/www.prix-colette-kreder.fr\/wp-content\/uploads\/2024\/09\/temoignage-1-480x152.png 480w\" sizes=\"(min-width: 0px) and (max-width: 480px) 480px, (min-width: 481px) 605px, 100vw\" \/><img loading=\"lazy\" decoding=\"async\" src=\"https:\/\/www.prix-colette-kreder.fr\/wp-content\/uploads\/2024\/09\/temoignage-2.png\" width=\"605\" height=\"131\" alt=\"\" class=\"wp-image-170 aligncenter size-full\" srcset=\"https:\/\/www.prix-colette-kreder.fr\/wp-content\/uploads\/2024\/09\/temoignage-2.png 605w, https:\/\/www.prix-colette-kreder.fr\/wp-content\/uploads\/2024\/09\/temoignage-2-480x104.png 480w\" sizes=\"(min-width: 0px) and (max-width: 480px) 480px, (min-width: 481px) 605px, 100vw\" \/><\/p>\n<p><img loading=\"lazy\" decoding=\"async\" src=\"https:\/\/www.prix-colette-kreder.fr\/wp-content\/uploads\/2024\/09\/temoignage-5.png\" width=\"605\" height=\"128\" alt=\"\" class=\"wp-image-173 aligncenter size-full\" srcset=\"https:\/\/www.prix-colette-kreder.fr\/wp-content\/uploads\/2024\/09\/temoignage-5.png 605w, https:\/\/www.prix-colette-kreder.fr\/wp-content\/uploads\/2024\/09\/temoignage-5-480x102.png 480w\" sizes=\"(min-width: 0px) and (max-width: 480px) 480px, (min-width: 481px) 605px, 100vw\" \/><\/p>\n<p><img loading=\"lazy\" decoding=\"async\" src=\"https:\/\/www.prix-colette-kreder.fr\/wp-content\/uploads\/2024\/09\/temoignage-6.png\" width=\"605\" height=\"128\" alt=\"\" class=\"wp-image-174 aligncenter size-full\" srcset=\"https:\/\/www.prix-colette-kreder.fr\/wp-content\/uploads\/2024\/09\/temoignage-6.png 605w, https:\/\/www.prix-colette-kreder.fr\/wp-content\/uploads\/2024\/09\/temoignage-6-480x102.png 480w\" sizes=\"(min-width: 0px) and (max-width: 480px) 480px, (min-width: 481px) 605px, 100vw\" \/><\/p>\n<p><img loading=\"lazy\" decoding=\"async\" src=\"https:\/\/www.prix-colette-kreder.fr\/wp-content\/uploads\/2024\/09\/temoignage-7.png\" width=\"605\" height=\"323\" alt=\"\" class=\"wp-image-175 aligncenter size-full\" srcset=\"https:\/\/www.prix-colette-kreder.fr\/wp-content\/uploads\/2024\/09\/temoignage-7.png 605w, https:\/\/www.prix-colette-kreder.fr\/wp-content\/uploads\/2024\/09\/temoignage-7-480x256.png 480w\" sizes=\"(min-width: 0px) and (max-width: 480px) 480px, (min-width: 481px) 605px, 100vw\" \/><\/p>\n<p><img loading=\"lazy\" decoding=\"async\" src=\"https:\/\/www.prix-colette-kreder.fr\/wp-content\/uploads\/2024\/09\/temoignage-8.png\" width=\"605\" height=\"279\" alt=\"\" class=\"wp-image-176 aligncenter size-full\" srcset=\"https:\/\/www.prix-colette-kreder.fr\/wp-content\/uploads\/2024\/09\/temoignage-8.png 605w, https:\/\/www.prix-colette-kreder.fr\/wp-content\/uploads\/2024\/09\/temoignage-8-480x221.png 480w\" sizes=\"(min-width: 0px) and (max-width: 480px) 480px, (min-width: 481px) 605px, 100vw\" \/><\/p>\n<p><img loading=\"lazy\" decoding=\"async\" src=\"https:\/\/www.prix-colette-kreder.fr\/wp-content\/uploads\/2024\/09\/temoignage-9.png\" width=\"605\" height=\"154\" alt=\"\" class=\"wp-image-177 aligncenter size-full\" srcset=\"https:\/\/www.prix-colette-kreder.fr\/wp-content\/uploads\/2024\/09\/temoignage-9.png 605w, https:\/\/www.prix-colette-kreder.fr\/wp-content\/uploads\/2024\/09\/temoignage-9-480x122.png 480w\" sizes=\"(min-width: 0px) and (max-width: 480px) 480px, (min-width: 481px) 605px, 100vw\" \/><\/p>\n<p><img loading=\"lazy\" decoding=\"async\" src=\"https:\/\/www.prix-colette-kreder.fr\/wp-content\/uploads\/2024\/09\/temoignage-10.png\" width=\"605\" height=\"148\" alt=\"\" class=\"wp-image-178 aligncenter size-full\" srcset=\"https:\/\/www.prix-colette-kreder.fr\/wp-content\/uploads\/2024\/09\/temoignage-10.png 605w, https:\/\/www.prix-colette-kreder.fr\/wp-content\/uploads\/2024\/09\/temoignage-10-480x117.png 480w\" sizes=\"(min-width: 0px) and (max-width: 480px) 480px, (min-width: 481px) 605px, 100vw\" \/><\/p>\n<p><img loading=\"lazy\" decoding=\"async\" src=\"https:\/\/www.prix-colette-kreder.fr\/wp-content\/uploads\/2024\/09\/temoignage-11.png\" width=\"605\" height=\"166\" alt=\"\" class=\"wp-image-179 aligncenter size-full\" srcset=\"https:\/\/www.prix-colette-kreder.fr\/wp-content\/uploads\/2024\/09\/temoignage-11.png 605w, https:\/\/www.prix-colette-kreder.fr\/wp-content\/uploads\/2024\/09\/temoignage-11-480x132.png 480w\" sizes=\"(min-width: 0px) and (max-width: 480px) 480px, (min-width: 481px) 605px, 100vw\" \/><\/p>\n<p><img loading=\"lazy\" decoding=\"async\" src=\"https:\/\/www.prix-colette-kreder.fr\/wp-content\/uploads\/2024\/09\/temoignage-12.png\" width=\"605\" height=\"169\" alt=\"\" class=\"wp-image-180 aligncenter size-full\" srcset=\"https:\/\/www.prix-colette-kreder.fr\/wp-content\/uploads\/2024\/09\/temoignage-12.png 605w, https:\/\/www.prix-colette-kreder.fr\/wp-content\/uploads\/2024\/09\/temoignage-12-480x134.png 480w\" sizes=\"(min-width: 0px) and (max-width: 480px) 480px, (min-width: 481px) 605px, 100vw\" \/><\/p>\n<p><img loading=\"lazy\" decoding=\"async\" src=\"https:\/\/www.prix-colette-kreder.fr\/wp-content\/uploads\/2024\/09\/temoignage-13.png\" width=\"605\" height=\"193\" alt=\"\" class=\"wp-image-181 aligncenter size-full\" srcset=\"https:\/\/www.prix-colette-kreder.fr\/wp-content\/uploads\/2024\/09\/temoignage-13.png 605w, https:\/\/www.prix-colette-kreder.fr\/wp-content\/uploads\/2024\/09\/temoignage-13-480x153.png 480w\" sizes=\"(min-width: 0px) and (max-width: 480px) 480px, (min-width: 481px) 605px, 100vw\" \/><\/p>\n<p><img loading=\"lazy\" decoding=\"async\" src=\"https:\/\/www.prix-colette-kreder.fr\/wp-content\/uploads\/2024\/09\/temoignage-14.png\" width=\"605\" height=\"449\" alt=\"\" class=\"wp-image-182 aligncenter size-full\" srcset=\"https:\/\/www.prix-colette-kreder.fr\/wp-content\/uploads\/2024\/09\/temoignage-14.png 605w, https:\/\/www.prix-colette-kreder.fr\/wp-content\/uploads\/2024\/09\/temoignage-14-480x356.png 480w\" sizes=\"(min-width: 0px) and (max-width: 480px) 480px, (min-width: 481px) 605px, 100vw\" \/><\/p>\n<p>&nbsp;<\/p>\n<p>&nbsp;<\/p>\n<p>[\/et_pb_text][\/et_pb_column][\/et_pb_row][\/et_pb_section]<\/p>\n","protected":false},"excerpt":{"rendered":"<p>Pourquoi Colette KREDER et la fondation EPF ?\u00a0 Engagement personnel de Colette KREDER -Colette KREDER a, d\u00e8s son plus jeune \u00e2ge et de sa propre initiative, tout fait pour sortir de son milieu rural modeste, en poursuivant ses \u00e9tudes au plus haut niveau et en acc\u00e9dant au m\u00e9tier d\u2019ing\u00e9nieure. Elle a ensuite pass\u00e9 sa vie [&hellip;]<\/p>\n","protected":false},"author":1,"featured_media":0,"parent":0,"menu_order":0,"comment_status":"closed","ping_status":"closed","template":"","meta":{"_et_pb_use_builder":"on","_et_pb_old_content":"","_et_gb_content_width":"","footnotes":""},"class_list":["post-161","page","type-page","status-publish","hentry"],"_links":{"self":[{"href":"https:\/\/www.prix-colette-kreder.fr\/index.php?rest_route=\/wp\/v2\/pages\/161","targetHints":{"allow":["GET"]}}],"collection":[{"href":"https:\/\/www.prix-colette-kreder.fr\/index.php?rest_route=\/wp\/v2\/pages"}],"about":[{"href":"https:\/\/www.prix-colette-kreder.fr\/index.php?rest_route=\/wp\/v2\/types\/page"}],"author":[{"embeddable":true,"href":"https:\/\/www.prix-colette-kreder.fr\/index.php?rest_route=\/wp\/v2\/users\/1"}],"replies":[{"embeddable":true,"href":"https:\/\/www.prix-colette-kreder.fr\/index.php?rest_route=%2Fwp%2Fv2%2Fcomments&post=161"}],"version-history":[{"count":5,"href":"https:\/\/www.prix-colette-kreder.fr\/index.php?rest_route=\/wp\/v2\/pages\/161\/revisions"}],"predecessor-version":[{"id":191,"href":"https:\/\/www.prix-colette-kreder.fr\/index.php?rest_route=\/wp\/v2\/pages\/161\/revisions\/191"}],"wp:attachment":[{"href":"https:\/\/www.prix-colette-kreder.fr\/index.php?rest_route=%2Fwp%2Fv2%2Fmedia&parent=161"}],"curies":[{"name":"wp","href":"https:\/\/api.w.org\/{rel}","templated":true}]}}